{"id":6037,"date":"2015-03-02T09:23:39","date_gmt":"2015-03-02T09:23:39","guid":{"rendered":"http:\/\/192.168.1.121\/wordpress.mu\/howfresh\/?page_id=6037"},"modified":"2015-03-02T09:23:39","modified_gmt":"2015-03-02T09:23:39","slug":"blog-timeline","status":"publish","type":"page","link":"http:\/\/acilbilgisayarservis.com\/index.php\/blog\/blog-timeline\/","title":{"rendered":"Blog Timeline"},"content":{"rendered":"<div class=\"gridblock-columns-wrap gridblock-timeline-block clearfix\"><div id=\"gridblock-timeline\" class=\"gridblock-two\"><div class=\"blog-timeline-month-wrap clearfix\"><div class=\"blog-timeline-month\">25 Eyl\u00fcl 2021<\/div><\/div><div class=\"blog-grid-element animation-standby animated fadeInUp blog-grid-element-left gridblock-element gridblock-col-1\"><div class=\"blog-grid-element-inner timeline-format-standard\"><div class=\"summary-info\"><div class=\"summary-date\"><i class=\"feather-icon-clock\"><\/i> 25 Eyl\u00fcl 2021<\/div><div class=\"summary-comment\"><a href=\"http:\/\/acilbilgisayarservis.com\/index.php\/2021\/09\/25\/merhaba-dunya\/#comments\">1 <i class=\"feather-icon-speech-bubble\"><\/i><\/a><\/div><\/div><div class=\"blog-grid-element-content\"><div class=\"work-details\"><h4><a href=\"http:\/\/acilbilgisayarservis.com\/index.php\/2021\/09\/25\/merhaba-dunya\/\" rel=\"bookmark\" title=\"Merhaba d\u00fcnya!\">Merhaba d\u00fcnya!<\/a><\/h4><div class=\"entry-content work-description\">WordPress&#8217;e ho\u015f geldiniz. Bu sizin ilk yaz\u0131n\u0131z. Bu yaz\u0131y\u0131 d\u00fczenleyin ya da silin. Sonra...<\/div><\/div><\/div><\/div><\/div><div class=\"blog-timeline-month-wrap clearfix\"><div class=\"blog-timeline-month\">15 Mart 2020<\/div><\/div><div class=\"blog-grid-element animation-standby animated fadeInUp blog-grid-element-left gridblock-element gridblock-col-2\"><div class=\"blog-grid-element-inner timeline-format-standard\"><div class=\"summary-info\"><div class=\"summary-date\"><i class=\"feather-icon-clock\"><\/i> 15 Mart 2020<\/div><div class=\"summary-comment\"><a href=\"http:\/\/acilbilgisayarservis.com\/index.php\/2020\/03\/15\/hello-world\/#comments\">1 <i class=\"feather-icon-speech-bubble\"><\/i><\/a><\/div><\/div><div class=\"blog-grid-element-content\"><div class=\"work-details\"><h4><a href=\"http:\/\/acilbilgisayarservis.com\/index.php\/2020\/03\/15\/hello-world\/\" rel=\"bookmark\" title=\"Hello world!\">Hello world!<\/a><\/h4><div class=\"entry-content work-description\">Welcome to iMaginem Cloud. This is your first post. Edit or delete it, then...<\/div><\/div><\/div><\/div><\/div><div class=\"blog-grid-element animation-standby animated fadeInUp blog-grid-element-right gridblock-element gridblock-col-1\"><div class=\"blog-grid-element-inner timeline-format-standard\"><div class=\"post-format-media\"><a class=\"postsummaryimage\" href=\"http:\/\/acilbilgisayarservis.com\/index.php\/2016\/03\/02\/standard-post-2\/\"><img decoding=\"async\" src=\"http:\/\/acilbilgisayarservis.com\/wp-content\/uploads\/2016\/03\/g-image5-1310x752.jpg\" alt=\"\" \/><\/a><\/div><div class=\"summary-info\"><div class=\"summary-date\"><i class=\"feather-icon-clock\"><\/i> 2 Mart 2016<\/div><div class=\"summary-comment\"><a href=\"http:\/\/acilbilgisayarservis.com\/index.php\/2016\/03\/02\/standard-post-2\/#respond\">0 <i class=\"feather-icon-speech-bubble\"><\/i><\/a><\/div><\/div><div class=\"blog-grid-element-content\"><div class=\"work-details\"><h4><a href=\"http:\/\/acilbilgisayarservis.com\/index.php\/2016\/03\/02\/standard-post-2\/\" rel=\"bookmark\" title=\"Standard Post\">Standard Post<\/a><\/h4><div class=\"entry-content work-description\">Lorem ipsum dolor sit amet, consectetur adipiscing elit. Nullam semper leo eget sapien ultrices...<\/div><\/div><\/div><\/div><\/div><div class=\"blog-grid-element animation-standby animated fadeInUp blog-grid-element-left gridblock-element gridblock-col-2\"><div class=\"blog-grid-element-inner timeline-format-image\"><div class=\"post-format-media\"><a class=\"lightbox-active lightbox-image postformat-image-lightbox\" data-src=\"http:\/\/acilbilgisayarservis.com\/wp-content\/uploads\/2016\/03\/g-image8.jpg\" href=\"http:\/\/acilbilgisayarservis.com\/wp-content\/uploads\/2016\/03\/g-image8.jpg\"><span class=\"lightbox-indicate\"><i class=\"feather-icon-maximize\"><\/i><\/span><img decoding=\"async\" src=\"http:\/\/acilbilgisayarservis.com\/wp-content\/uploads\/2016\/03\/g-image8-1310x867.jpg\" alt=\"\" class=\"postformat-image\"\/><\/a><\/div><div class=\"summary-info\"><div class=\"summary-date\"><i class=\"feather-icon-clock\"><\/i> 2 Mart 2016<\/div><div class=\"summary-comment\"><a href=\"http:\/\/acilbilgisayarservis.com\/index.php\/2016\/03\/02\/image-lightbox\/#respond\">0 <i class=\"feather-icon-speech-bubble\"><\/i><\/a><\/div><\/div><div class=\"blog-grid-element-content\"><div class=\"work-details\"><h4><a href=\"http:\/\/acilbilgisayarservis.com\/index.php\/2016\/03\/02\/image-lightbox\/\" rel=\"bookmark\" title=\"Image Lightbox\">Image Lightbox<\/a><\/h4><div class=\"entry-content work-description\">Lorem ipsum dolor sit amet, consectetur adipiscing elit. Nullam semper leo eget sapien ultrices...<\/div><\/div><\/div><\/div><\/div><div class=\"blog-grid-element animation-standby animated fadeInUp blog-grid-element-right gridblock-element gridblock-col-1\"><div class=\"blog-grid-element-inner timeline-format-video\"><div class=\"post-format-media\">\n<div id=\"jp_container_6030\" class=\"single-jplay-video-postformat jp-video jp-video-360p\" data-m4v=\"http:\/\/www.imaginemthemes.com\/multimedia\/video\/bigbuckbunny\/Big_Buck_Bunny_Trailer.m4v\" data-ogv=\"http:\/\/www.jplayer.org\/video\/ogv\/Big_Buck_Bunny_Trailer_480x270.ogv\" data-poster=\"http:\/\/sceneone.imaginem.co\/wp-content\/uploads\/sites\/18\/2016\/03\/g-image9.jpg\" data-id=\"6030\" data-autoplay=\"false\" data-videofiles=\"ogv, m4v\" data-swfpath=\"http:\/\/acilbilgisayarservis.com\/wp-content\/themes\/sceneone\/js\/html5player\/\">\n\t<div class=\"jp-type-single\">\n\t\t<div id=\"jquery_jplayer_6030\" class=\"jp-jplayer\"><\/div>\n\t\t\t<div class=\"jp-video-play\"><\/div>\n\t\t\t<div class=\"jp-title\">\n\t\t\t\t<ul>\n\t\t\t\t\t<li>Discovery<\/li>\n\t\t\t\t<\/ul>\n\t\t\t<\/div>\n\t\t\t<div id=\"jp_interface_6030\" class=\"jp-gui jp-interface\">\n\t\t\t\t<ul class=\"jp-controls\">\n\t\t\t\t\t<li><a href=\"#\" class=\"jp-play\" tabindex=\"1\"><i class=\"feather-icon-play\"><\/i><\/a><\/li>\n\t\t\t\t\t<li><a href=\"#\" class=\"jp-pause\" tabindex=\"1\"><i class=\"feather-icon-pause\"><\/i><\/a><\/li>\n\t\t\t\t\t<li><a href=\"#\" class=\"jp-mute\" tabindex=\"1\" title=\"mute\"><i class=\"feather-icon-volume\"><\/i><\/a><\/li>\n\t\t\t\t\t<li><a href=\"#\" class=\"jp-unmute\" tabindex=\"1\" title=\"unmute\"><i class=\"feather-icon-mute\"><\/i><\/a><\/li>\n\t\t\t\t<\/ul>\n\t\t\t\t<div class=\"jp-progress\">\n\t\t\t\t\t<div class=\"jp-seek-bar\">\n\t\t\t\t\t\t<div class=\"jp-play-bar\"><\/div>\n\t\t\t\t\t<\/div>\n\t\t\t\t<\/div>\n\t\t        <div class=\"jp-time-holder\">\n\t\t          <div class=\"jp-current-time\"><\/div>\n\t\t        <\/div>\n\t\t        <div class=\"jp-volume-bar\">\n\t\t          <div class=\"jp-volume-bar-value\"><\/div>\n\t\t        <\/div>\n\t\t\t<\/div>\n\t<\/div>\n<\/div>\n<\/div><div class=\"summary-info\"><div class=\"summary-date\"><i class=\"feather-icon-clock\"><\/i> 2 Mart 2015<\/div><div class=\"summary-comment\"><a href=\"http:\/\/acilbilgisayarservis.com\/index.php\/2015\/03\/02\/self-hosted-video\/#respond\">0 <i class=\"feather-icon-speech-bubble\"><\/i><\/a><\/div><\/div><div class=\"blog-grid-element-content\"><div class=\"work-details\"><h4><a href=\"http:\/\/acilbilgisayarservis.com\/index.php\/2015\/03\/02\/self-hosted-video\/\" rel=\"bookmark\" title=\"Self hosted video\">Self hosted video<\/a><\/h4><div class=\"entry-content work-description\">Lorem ipsum dolor sit amet, consectetur adipiscing elit. Nullam semper leo eget sapien ultrices...<\/div><\/div><\/div><\/div><\/div><div class=\"blog-grid-element animation-standby animated fadeInUp blog-grid-element-left gridblock-element gridblock-col-2\"><div class=\"blog-grid-element-inner timeline-format-audio\"><div class=\"post-format-media post-format-media-audio-image\"><a class=\"postsummaryimage\" href=\"http:\/\/acilbilgisayarservis.com\/index.php\/2015\/03\/02\/audio-post\/\"><img decoding=\"async\" src=\"http:\/\/acilbilgisayarservis.com\/wp-content\/uploads\/2011\/08\/p-image5-1310x868.jpg\" alt=\"\" \/><\/a><\/div><div class=\"post-format-media\">\n\t<div id=\"jquery_jplayer_6027\" class=\"single-jplay-audio-postformat jp-jplayer\" data-autoplay=\"false\" data-id=\"6027\" data-audiofiles=\"mp3,m4a,oga\" data-oga=\"http:\/\/www.imaginem.co\/multimedia\/audiopack\/Bach_Prelude%20N_1_Piano.ogg\" data-m4a=\"http:\/\/www.imaginem.co\/multimedia\/audiopack\/Bach_Prelude%20N_1_Piano.m4a\" data-mp3=\"http:\/\/www.imaginem.co\/multimedia\/audiopack\/Bach_Prelude%20N_1_Piano.mp3\" data-swfpath=\"http:\/\/acilbilgisayarservis.com\/wp-content\/themes\/sceneone\/js\/html5player\/\"><\/div>\n\t<div class=\"jp-audio\">\n\t\t<div class=\"jp-type-single\">\n\t\t\t<div id=\"jp_interface_6027\" class=\"jp-gui jp-interface\">\n\t\t\t\t<ul class=\"jp-controls\">\n\t\t          <li><a href=\"#\" class=\"jp-play\" tabindex=\"1\"><i class=\"feather-icon-play\"><\/i><\/a><\/li>\n\t\t          <li><a href=\"#\" class=\"jp-pause\" tabindex=\"1\"><i class=\"feather-icon-pause\"><\/i><\/a><\/li>\n\t\t          <li><a href=\"#\" class=\"jp-mute\" tabindex=\"1\" title=\"mute\"><i class=\"feather-icon-volume\"><\/i><\/a><\/li>\n\t\t          <li><a href=\"#\" class=\"jp-unmute\" tabindex=\"1\" title=\"unmute\"><i class=\"feather-icon-mute\"><\/i><\/a><\/li>\n\t\t\t\t<\/ul>\n\t\t\t\t<div class=\"jp-progress\">\n\t\t\t\t\t<div class=\"jp-seek-bar\">\n\t\t\t\t\t\t<div class=\"jp-play-bar\"><\/div>\n\t\t\t\t\t<\/div>\n\t\t\t\t<\/div>\n\t\t        <div class=\"jp-time-holder\">\n\t\t          <div class=\"jp-current-time\"><\/div>\n\t\t        <\/div>\n\t\t        <div class=\"jp-volume-bar\">\n\t\t          <div class=\"jp-volume-bar-value\"><\/div>\n\t\t        <\/div>\n\t\t\t<\/div>\n\t\t<\/div>\n\t<\/div>\n\t<\/div><div class=\"summary-info\"><div class=\"summary-date\"><i class=\"feather-icon-clock\"><\/i> 2 Mart 2015<\/div><div class=\"summary-comment\"><a href=\"http:\/\/acilbilgisayarservis.com\/index.php\/2015\/03\/02\/audio-post\/#respond\">0 <i class=\"feather-icon-speech-bubble\"><\/i><\/a><\/div><\/div><div class=\"blog-grid-element-content\"><div class=\"work-details\"><h4><a href=\"http:\/\/acilbilgisayarservis.com\/index.php\/2015\/03\/02\/audio-post\/\" rel=\"bookmark\" title=\"Audio post\">Audio post<\/a><\/h4><div class=\"entry-content work-description\">Lorem ipsum dolor sit amet, consectetur adipiscing elit. Nullam semper leo eget sapien ultrices...<\/div><\/div><\/div><\/div><\/div><div class=\"blog-grid-element animation-standby animated fadeInUp blog-grid-element-right gridblock-element gridblock-col-1\"><div class=\"blog-grid-element-inner timeline-format-quote\"><div class=\"summary-info\"><div class=\"summary-date\"><i class=\"feather-icon-clock\"><\/i> 2 Mart 2015<\/div><div class=\"summary-comment\"><a href=\"http:\/\/acilbilgisayarservis.com\/index.php\/2015\/03\/02\/quote\/#respond\">0 <i class=\"feather-icon-speech-bubble\"><\/i><\/a><\/div><\/div><div class=\"blog-grid-element-content\"><div class=\"work-details\"><h4><a href=\"http:\/\/acilbilgisayarservis.com\/index.php\/2015\/03\/02\/quote\/\" rel=\"bookmark\" title=\"Quote\">Quote<\/a><\/h4><div class=\"entry-content work-description\">Imagination will often carry us to worlds that never were, but without it we go nowhere.<\/div><\/div><\/div><\/div><\/div><div class=\"blog-grid-element animation-standby animated fadeInUp blog-grid-element-left gridblock-element gridblock-col-2\"><div class=\"blog-grid-element-inner timeline-format-gallery\"><div class=\"post-format-media\">\n<div class=\"gridblock-owlcarousel-wrap clearfix\"><div id=\"owl-6010-69e7355af1d1d\" class=\"owl-carousel owl-slideshow-element\"><div class=\"gridblock-slideshow-element\"><a data-thumbnail=\"http:\/\/acilbilgisayarservis.com\/wp-content\/uploads\/2016\/03\/g-image4.jpg\" class=\"lightbox-active lightbox-image\" data-sub-html=\"Architecture\" href=\"http:\/\/acilbilgisayarservis.com\/wp-content\/uploads\/2016\/03\/g-image4.jpg\" data-src=\"http:\/\/acilbilgisayarservis.com\/wp-content\/uploads\/2016\/03\/g-image4.jpg\"><img decoding=\"async\" src=\"http:\/\/acilbilgisayarservis.com\/wp-content\/uploads\/2016\/03\/g-image4-1310x737.jpg\" alt=\"\" class=\"owl-slide-image\"\/><\/a><\/div><div class=\"gridblock-slideshow-element\"><a data-thumbnail=\"http:\/\/acilbilgisayarservis.com\/wp-content\/uploads\/2016\/03\/g-image7.jpg\" class=\"lightbox-active lightbox-image\" data-sub-html=\"Island\" href=\"http:\/\/acilbilgisayarservis.com\/wp-content\/uploads\/2016\/03\/g-image7.jpg\" data-src=\"http:\/\/acilbilgisayarservis.com\/wp-content\/uploads\/2016\/03\/g-image7.jpg\"><img decoding=\"async\" src=\"http:\/\/acilbilgisayarservis.com\/wp-content\/uploads\/2016\/03\/g-image7-1310x735.jpg\" alt=\"\" class=\"owl-slide-image\"\/><\/a><\/div><div class=\"gridblock-slideshow-element\"><a data-thumbnail=\"http:\/\/acilbilgisayarservis.com\/wp-content\/uploads\/2016\/03\/g-image8.jpg\" class=\"lightbox-active lightbox-image\" data-sub-html=\"Bridge\" href=\"http:\/\/acilbilgisayarservis.com\/wp-content\/uploads\/2016\/03\/g-image8.jpg\" data-src=\"http:\/\/acilbilgisayarservis.com\/wp-content\/uploads\/2016\/03\/g-image8.jpg\"><img decoding=\"async\" src=\"http:\/\/acilbilgisayarservis.com\/wp-content\/uploads\/2016\/03\/g-image8-1310x867.jpg\" alt=\"\" class=\"owl-slide-image\"\/><\/a><\/div><\/div><\/div>\n\t<script>\n\t\/* <![CDATA[ *\/\n\t(function($){\n\t$(window).on(\"load\", function(){\n\t\t var sync1 = $(\"#owl-6010-69e7355af1d1d\");\n\t\t sync1.owlCarousel({\n\t\t\titems: 1,\n\t\t\tautoplay: false,\n\t\t\tlazyLoad: false,\n\t\t\tnav: true,\n\t\t\tautoHeight : true,\n\t\t\tloop: true,\n\t\t\tnavText : [\"\",\"\"],\n\t\t\tsingleItem : true,\n\t\t\tanimateOut: \"fadeOut\"\n\t\t });\n\t})\n\t})(jQuery);\n\t\/* ]]> *\/\n\t<\/script><\/div><div class=\"summary-info\"><div class=\"summary-date\"><i class=\"feather-icon-clock\"><\/i> 2 Mart 2015<\/div><div class=\"summary-comment\"><a href=\"http:\/\/acilbilgisayarservis.com\/index.php\/2015\/03\/02\/gallery-post\/#respond\">0 <i class=\"feather-icon-speech-bubble\"><\/i><\/a><\/div><\/div><div class=\"blog-grid-element-content\"><div class=\"work-details\"><h4><a href=\"http:\/\/acilbilgisayarservis.com\/index.php\/2015\/03\/02\/gallery-post\/\" rel=\"bookmark\" title=\"Gallery Post\">Gallery Post<\/a><\/h4><div class=\"entry-content work-description\">Lorem ipsum dolor sit amet, consectetur adipiscing elit. Nullam semper leo eget sapien ultrices...<\/div><\/div><\/div><\/div><\/div><div class=\"blog-timeline-month-wrap clearfix\"><div class=\"blog-timeline-month\">10 Temmuz 2014<\/div><\/div><div class=\"blog-grid-element animation-standby animated fadeInUp blog-grid-element-left gridblock-element gridblock-col-1\"><div class=\"blog-grid-element-inner timeline-format-audio\"><div class=\"post-format-media post-format-media-audio-image\"><a class=\"postsummaryimage\" href=\"http:\/\/acilbilgisayarservis.com\/index.php\/2014\/07\/10\/audio-embed\/\"><img decoding=\"async\" src=\"http:\/\/acilbilgisayarservis.com\/wp-content\/uploads\/2015\/08\/image4-1310x873.jpg\" alt=\"\" \/><\/a><\/div><div class=\"post-format-media\">\n<iframe loading=\"lazy\" width=\"100%\" height=\"166\" scrolling=\"no\" frameborder=\"no\" src=\"https:\/\/w.soundcloud.com\/player\/?url=https%3A\/\/api.soundcloud.com\/tracks\/29793595&amp;color=ff5500&amp;auto_play=false&amp;hide_related=false&amp;show_comments=true&amp;show_user=true&amp;show_reposts=false\"><\/iframe><\/div><div class=\"summary-info\"><div class=\"summary-date\"><i class=\"feather-icon-clock\"><\/i> 10 Temmuz 2014<\/div><div class=\"summary-comment\"><a href=\"http:\/\/acilbilgisayarservis.com\/index.php\/2014\/07\/10\/audio-embed\/#respond\">0 <i class=\"feather-icon-speech-bubble\"><\/i><\/a><\/div><\/div><div class=\"blog-grid-element-content\"><div class=\"work-details\"><h4><a href=\"http:\/\/acilbilgisayarservis.com\/index.php\/2014\/07\/10\/audio-embed\/\" rel=\"bookmark\" title=\"Audio embed\">Audio embed<\/a><\/h4><div class=\"entry-content work-description\">Lorem ipsum dolor sit amet, consectetur adipiscing elit. Nullam semper leo eget sapien ultrices...<\/div><\/div><\/div><\/div><\/div><div class=\"blog-timeline-month-wrap clearfix\"><div class=\"blog-timeline-month\">6 Eyl\u00fcl 2011<\/div><\/div><div class=\"blog-grid-element animation-standby animated fadeInUp blog-grid-element-left gridblock-element gridblock-col-2\"><div class=\"blog-grid-element-inner timeline-format-video\"><div class=\"post-format-media\">\n<div class=\"ajax-video-wrapper\"><div class=\"ajax-video-container\"><div class=\"fitVids\"><iframe loading=\"lazy\" class=\"youtube-player\" width=\"1400\" height=\"787\" src=\"http:\/\/www.youtube.com\/embed\/ZypgzxyQrN4\/?wmode=transparent&amp;hd=1&amp;theme=&amp;autohide=1&amp;rel=&amp;showinfo=playlist=&amp;start=0\" ><\/iframe><\/div><\/div><\/div><\/div><div class=\"summary-info\"><div class=\"summary-date\"><i class=\"feather-icon-clock\"><\/i> 6 Eyl\u00fcl 2011<\/div><div class=\"summary-comment\"><a href=\"http:\/\/acilbilgisayarservis.com\/index.php\/2011\/09\/06\/youtube\/#respond\">0 <i class=\"feather-icon-speech-bubble\"><\/i><\/a><\/div><\/div><div class=\"blog-grid-element-content\"><div class=\"work-details\"><h4><a href=\"http:\/\/acilbilgisayarservis.com\/index.php\/2011\/09\/06\/youtube\/\" rel=\"bookmark\" title=\"Youtube\">Youtube<\/a><\/h4><div class=\"entry-content work-description\">Lorem ipsum dolor sit amet, consectetur adipiscing elit. Nullam semper leo eget sapien ultrices...<\/div><\/div><\/div><\/div><\/div><div class=\"blog-grid-element animation-standby animated fadeInUp blog-grid-element-right gridblock-element gridblock-col-1\"><div class=\"blog-grid-element-inner timeline-format-video\"><div class=\"post-format-media\">\n<div class=\"ajax-video-wrapper\"><div class=\"ajax-video-container\"><div class=\"fitVids\"><iframe loading=\"lazy\" src=\"http:\/\/player.vimeo.com\/video\/204328727?title=0&amp;byline=0&amp;portrait=0\" width=\"1400\" height=\"787\"><\/iframe><\/div><\/div><\/div><\/div><div class=\"summary-info\"><div class=\"summary-date\"><i class=\"feather-icon-clock\"><\/i> 6 Eyl\u00fcl 2011<\/div><div class=\"summary-comment\"><a href=\"http:\/\/acilbilgisayarservis.com\/index.php\/2011\/09\/06\/vimeo\/#respond\">0 <i class=\"feather-icon-speech-bubble\"><\/i><\/a><\/div><\/div><div class=\"blog-grid-element-content\"><div class=\"work-details\"><h4><a href=\"http:\/\/acilbilgisayarservis.com\/index.php\/2011\/09\/06\/vimeo\/\" rel=\"bookmark\" title=\"Vimeo\">Vimeo<\/a><\/h4><div class=\"entry-content work-description\">Lorem ipsum dolor sit amet, consectetur adipiscing elit. Nullam semper leo eget sapien ultrices...<\/div><\/div><\/div><\/div><\/div><div class=\"blog-timeline-month-wrap clearfix\"><div class=\"blog-timeline-month\">22 A\u011fustos 2011<\/div><\/div><div class=\"blog-grid-element animation-standby animated fadeInUp blog-grid-element-left gridblock-element gridblock-col-2\"><div class=\"blog-grid-element-inner timeline-format-link\"><div class=\"post-format-media\"><img decoding=\"async\" src=\"http:\/\/acilbilgisayarservis.com\/wp-content\/uploads\/2011\/08\/p-image1-1310x873.jpg\" alt=\"\" \/><\/div><div class=\"summary-info\"><div class=\"summary-date\"><i class=\"feather-icon-clock\"><\/i> 22 A\u011fustos 2011<\/div><div class=\"summary-comment\"><a href=\"http:\/\/acilbilgisayarservis.com\/index.php\/2011\/08\/22\/this-is-a-link\/#respond\">0 <i class=\"feather-icon-speech-bubble\"><\/i><\/a><\/div><\/div><div class=\"blog-grid-element-content\"><div class=\"work-details\"><h4><a href=\"http:\/\/acilbilgisayarservis.com\/index.php\/2011\/08\/22\/this-is-a-link\/\" rel=\"bookmark\" title=\"This is a link\">This is a link<\/a><\/h4><div class=\"entry-content work-description\">Lorem ipsum dolor sit amet, consectetur adipiscing elit. Phasellus blandit porta tellus non vulputate....<\/div><\/div><\/div><\/div><\/div><div class=\"blog-grid-element animation-standby animated fadeInUp blog-grid-element-right gridblock-element gridblock-col-1\"><div class=\"blog-grid-element-inner timeline-format-aside\"><div class=\"post-format-media\"><img decoding=\"async\" src=\"http:\/\/acilbilgisayarservis.com\/wp-content\/uploads\/2016\/07\/cover1-1310x873.jpg\" alt=\"\" \/><\/div><div class=\"summary-info\"><div class=\"summary-date\"><i class=\"feather-icon-clock\"><\/i> 22 A\u011fustos 2011<\/div><div class=\"summary-comment\"><a href=\"http:\/\/acilbilgisayarservis.com\/index.php\/2011\/08\/22\/this-is-an-aside\/#respond\">0 <i class=\"feather-icon-speech-bubble\"><\/i><\/a><\/div><\/div><div class=\"blog-grid-element-content\"><div class=\"work-details\"><h4><a href=\"http:\/\/acilbilgisayarservis.com\/index.php\/2011\/08\/22\/this-is-an-aside\/\" rel=\"bookmark\" title=\"This is an aside\">This is an aside<\/a><\/h4><div class=\"entry-content work-description\">This is an Aside post. It&#8217;s displayed without a title, very useful for posting...<\/div><\/div><\/div><\/div><\/div><\/div><\/div>\n","protected":false},"excerpt":{"rendered":"","protected":false},"author":1,"featured_media":0,"parent":5929,"menu_order":0,"comment_status":"open","ping_status":"closed","template":"","meta":{"footnotes":""},"class_list":["post-6037","page","type-page","status-publish","hentry"],"_links":{"self":[{"href":"http:\/\/acilbilgisayarservis.com\/index.php\/wp-json\/wp\/v2\/pages\/6037","targetHints":{"allow":["GET"]}}],"collection":[{"href":"http:\/\/acilbilgisayarservis.com\/index.php\/wp-json\/wp\/v2\/pages"}],"about":[{"href":"http:\/\/acilbilgisayarservis.com\/index.php\/wp-json\/wp\/v2\/types\/page"}],"author":[{"embeddable":true,"href":"http:\/\/acilbilgisayarservis.com\/index.php\/wp-json\/wp\/v2\/users\/1"}],"replies":[{"embeddable":true,"href":"http:\/\/acilbilgisayarservis.com\/index.php\/wp-json\/wp\/v2\/comments?post=6037"}],"version-history":[{"count":0,"href":"http:\/\/acilbilgisayarservis.com\/index.php\/wp-json\/wp\/v2\/pages\/6037\/revisions"}],"up":[{"embeddable":true,"href":"http:\/\/acilbilgisayarservis.com\/index.php\/wp-json\/wp\/v2\/pages\/5929"}],"wp:attachment":[{"href":"http:\/\/acilbilgisayarservis.com\/index.php\/wp-json\/wp\/v2\/media?parent=6037"}],"curies":[{"name":"wp","href":"https:\/\/api.w.org\/{rel}","templated":true}]}}