{"id":5896,"date":"2015-02-28T07:26:51","date_gmt":"2015-02-28T07:26:51","guid":{"rendered":"http:\/\/192.168.1.121\/wordpress.mu\/howfresh\/?page_id=5896"},"modified":"2021-10-02T15:23:05","modified_gmt":"2021-10-02T12:23:05","slug":"contact-us","status":"publish","type":"page","link":"http:\/\/acilbilgisayarservis.com\/index.php\/pages\/contact-us\/","title":{"rendered":"\u0130LET\u0130\u015e\u0130M"},"content":{"rendered":"","protected":false},"excerpt":{"rendered":"","protected":false},"author":1,"featured_media":0,"parent":5855,"menu_order":0,"comment_status":"open","ping_status":"open","template":"","meta":{"footnotes":""},"class_list":["post-5896","page","type-page","status-publish","hentry"],"_links":{"self":[{"href":"http:\/\/acilbilgisayarservis.com\/index.php\/wp-json\/wp\/v2\/pages\/5896","targetHints":{"allow":["GET"]}}],"collection":[{"href":"http:\/\/acilbilgisayarservis.com\/index.php\/wp-json\/wp\/v2\/pages"}],"about":[{"href":"http:\/\/acilbilgisayarservis.com\/index.php\/wp-json\/wp\/v2\/types\/page"}],"author":[{"embeddable":true,"href":"http:\/\/acilbilgisayarservis.com\/index.php\/wp-json\/wp\/v2\/users\/1"}],"replies":[{"embeddable":true,"href":"http:\/\/acilbilgisayarservis.com\/index.php\/wp-json\/wp\/v2\/comments?post=5896"}],"version-history":[{"count":3,"href":"http:\/\/acilbilgisayarservis.com\/index.php\/wp-json\/wp\/v2\/pages\/5896\/revisions"}],"predecessor-version":[{"id":11074,"href":"http:\/\/acilbilgisayarservis.com\/index.php\/wp-json\/wp\/v2\/pages\/5896\/revisions\/11074"}],"up":[{"embeddable":true,"href":"http:\/\/acilbilgisayarservis.com\/index.php\/wp-json\/wp\/v2\/pages\/5855"}],"wp:attachment":[{"href":"http:\/\/acilbilgisayarservis.com\/index.php\/wp-json\/wp\/v2\/media?parent=5896"}],"curies":[{"name":"wp","href":"https:\/\/api.w.org\/{rel}","templated":true}]}}